{"id":781,"date":"2024-02-08T18:16:27","date_gmt":"2024-02-08T18:16:27","guid":{"rendered":"https:\/\/www.rezidence-klanovce.cz\/?page_id=781"},"modified":"2024-12-05T12:57:34","modified_gmt":"2024-12-05T12:57:34","slug":"rezervace","status":"publish","type":"page","link":"https:\/\/www.rezidence-klanovce.cz\/de\/rezervace\/","title":{"rendered":"Reservierung"},"content":{"rendered":"<div class=\"wp-block-stackable-columns stk-block-columns stk-block stk-5dd1b6c\" data-block-id=\"5dd1b6c\"><div class=\"stk-row stk-inner-blocks stk-block-content stk-content-align stk-5dd1b6c-column\">\n<div class=\"wp-block-stackable-column stk-block-column stk-column stk-block stk-d9b7ea2\" data-v=\"4\" data-block-id=\"d9b7ea2\"><style>@media screen and (min-width:690px){.stk-d9b7ea2 {flex:var(--stk-flex-grow, 1) 1 66.7% !important;}}<\/style><div class=\"stk-column-wrapper stk-block-column__content stk-container stk-d9b7ea2-container stk--no-background stk--no-padding\"><div class=\"stk-block-content stk-inner-blocks stk-d9b7ea2-inner-blocks\"><\/div><\/div><\/div>\n\n\n\n<div class=\"wp-block-stackable-column stk-block-column stk-column stk-block stk-894a266\" data-v=\"4\" data-block-id=\"894a266\"><style>@media screen and (min-width:690px){.stk-894a266 {flex:var(--stk-flex-grow, 1) 1 33.3% !important;}}<\/style><div class=\"stk-column-wrapper stk-block-column__content stk-container stk-894a266-container stk--no-background stk--no-padding\"><div class=\"stk-block-content stk-inner-blocks stk-894a266-inner-blocks\"><form role=\"search\" method=\"get\" action=\"https:\/\/www.rezidence-klanovce.cz\/de\/\" class=\"wp-block-search__button-outside wp-block-search__icon-button wp-block-search\" data-trp-original-action=\"https:\/\/www.rezidence-klanovce.cz\/de\/\"    ><label class=\"wp-block-search__label\" for=\"wp-block-search__input-1\" >Suche nach einer Wohnung<\/label><div class=\"wp-block-search__inside-wrapper\" ><input class=\"wp-block-search__input\" id=\"wp-block-search__input-1\" placeholder=\"\" value=\"\" type=\"search\" name=\"s\" required \/><button aria-label=\"Suchen\" class=\"wp-block-search__button has-icon wp-element-button\" type=\"submit\" ><svg class=\"search-icon\" viewbox=\"0 0 24 24\" width=\"24\" height=\"24\">\n\t\t\t\t\t<path d=\"M13 5c-3.3 0-6 2.7-6 6 0 1.4.5 2.7 1.3 3.7l-3.8 3.8 1.1 1.1 3.8-3.8c1 .8 2.3 1.3 3.7 1.3 3.3 0 6-2.7 6-6S16.3 5 13 5zm0 10.5c-2.5 0-4.5-2-4.5-4.5s2-4.5 4.5-4.5 4.5 2 4.5 4.5-2 4.5-4.5 4.5z\"><\/path>\n\t\t\t\t<\/svg><\/button><\/div><input type=\"hidden\" name=\"trp-form-language\" value=\"de\"\/><\/form><\/div><\/div><\/div>\n<\/div><\/div>\n\n\n\n<div id=\"mevris-booking-engine\" data-id=\"9c5ab104ca80e923ee20b42210148091\" data-color=\"A57B2C\" ><\/div><script src=\"https:\/\/ibe.better-hotel.com\/app\/iframe\/iframe.js\" type=\"text\/javascript\"><\/script>\n\n\n\n<div class=\"wp-block-stackable-columns alignfull stk-block-columns stk-block stk-1e3bc7c stk-block-background\" data-block-id=\"1e3bc7c\"><style>.stk-1e3bc7c {background-color:#a37c29 !important;min-height:400px !important;align-items:center !important;display:flex !important;}.stk-1e3bc7c:before{background-color:#a37c29 !important;}.stk-1e3bc7c-column{max-width:1300px !important;min-width:auto !important;}<\/style><div class=\"stk-row stk-inner-blocks stk-block-content stk-content-align stk-1e3bc7c-column alignfull\">\n<div class=\"wp-block-stackable-column stk-block-column stk-column stk-block stk-07ea1d7\" data-v=\"4\" data-block-id=\"07ea1d7\"><style>@media screen and (min-width:690px){.stk-07ea1d7 {flex:var(--stk-flex-grow, 1) 1 25% !important;}}<\/style><div class=\"stk-column-wrapper stk-block-column__content stk-container stk-07ea1d7-container stk--no-background stk--no-padding\"><div class=\"stk-block-content stk-inner-blocks stk-07ea1d7-inner-blocks\">\n<h2 class=\"wp-block-heading\"><span style=\"color: var(--theme-palette-color-2, #F9F8F3);\" class=\"stk-highlight\">Adresse<\/span><\/h2>\n\n\n\n<p><span style=\"color: var(--theme-palette-color-2, #F9F8F3);\" class=\"stk-highlight\">Rezidence K Lanovce<br>K Lanovce 1050<br>362 51 J\u00e1chymov<\/span><\/p>\n<\/div><\/div><\/div>\n\n\n\n<div class=\"wp-block-stackable-column stk-block-column stk-column stk-block stk-945b3de\" data-v=\"4\" data-block-id=\"945b3de\"><style>@media screen and (min-width:690px){.stk-945b3de {flex:var(--stk-flex-grow, 1) 1 25% !important;}}<\/style><div class=\"stk-column-wrapper stk-block-column__content stk-container stk-945b3de-container stk--no-background stk--no-padding\"><div class=\"stk-block-content stk-inner-blocks stk-945b3de-inner-blocks\">\n<h2 class=\"wp-block-heading\"><span style=\"color: var(--theme-palette-color-2, #F9F8F3);\" class=\"stk-highlight\">Kontakt<\/span><\/h2>\n\n\n\n<p><span style=\"color: var(--theme-palette-color-2, #F9F8F3);\" class=\"stk-highlight\">Lenka Galaras<br>Residenzmanager<br>+420 723 317 338<br>my@rezidence-klanovce.cz<\/span><\/p>\n<\/div><\/div><\/div>\n\n\n\n<div class=\"wp-block-stackable-column stk-block-column stk-column stk-block stk-be4c212\" data-v=\"4\" data-block-id=\"be4c212\"><style>@media screen and (min-width:690px){.stk-be4c212 {flex:var(--stk-flex-grow, 1) 1 25% !important;}}<\/style><div class=\"stk-column-wrapper stk-block-column__content stk-container stk-be4c212-container stk--no-background stk--no-padding\"><div class=\"stk-block-content stk-inner-blocks stk-be4c212-inner-blocks\">\n<h2 class=\"wp-block-heading\"><span style=\"color: var(--theme-palette-color-2, #F9F8F3);\" class=\"stk-highlight\">OTEV\u00cdRAC\u00cd DOBA RECEPCE<\/span><\/h2>\n\n\n\n<p><span style=\"color: var(--theme-palette-color-2, #F9F8F3);\" class=\"stk-highlight\">Po \u2013 So 08:00 \u2013 11:00<br>Au\u00dferhalb der \u00d6ffnungszeiten sind wir telefonisch f\u00fcr Sie erreichbar.<\/span><\/p>\n<\/div><\/div><\/div>\n\n\n\n<div class=\"wp-block-stackable-column stk-block-column stk-column stk-block stk-f14aedf\" data-v=\"4\" data-block-id=\"f14aedf\"><style>@media screen and (min-width:690px){.stk-f14aedf {flex:var(--stk-flex-grow, 1) 1 25% !important;}}<\/style><div class=\"stk-column-wrapper stk-block-column__content stk-container stk-f14aedf-container stk--no-background stk--no-padding\"><div class=\"stk-block-content stk-inner-blocks stk-f14aedf-inner-blocks\">\n<p><br><br><\/p>\n\n\n\n<p class=\"has-text-align-left has-small-font-size\"><span style=\"color: var(--theme-palette-color-2, #F9F8F3);\" class=\"stk-highlight\">Erstellt f\u00fcr Residence K Lanovce&nbsp;<a href=\"http:\/\/reweso.cz\/\">Reweso<\/a><\/span><\/p>\n<\/div><\/div><\/div>\n<\/div><\/div>","protected":false},"excerpt":{"rendered":"<p>Adresa Rezidence K LanovceK Lanovce 1050362 51 J\u00e1chymov Kontakt Lenka GalarasMana\u017eer Rezidence+420 723 317 338my@rezidence-klanovce.cz OTEV\u00cdRAC\u00cd DOBA RECEPCE Po \u2013 So 08:00 \u2013 11:00Mimo otev\u00edrac\u00ed dobu jsme k dispozici na telefonu. Pro Rezidence K Lanovce vytvo\u0159ilo&nbsp;Reweso<\/p>","protected":false},"author":3,"featured_media":0,"parent":0,"menu_order":0,"comment_status":"closed","ping_status":"closed","template":"","meta":{"footnotes":""},"class_list":["post-781","page","type-page","status-publish","hentry"],"blocksy_meta":[],"_links":{"self":[{"href":"https:\/\/www.rezidence-klanovce.cz\/de\/wp-json\/wp\/v2\/pages\/781","targetHints":{"allow":["GET"]}}],"collection":[{"href":"https:\/\/www.rezidence-klanovce.cz\/de\/wp-json\/wp\/v2\/pages"}],"about":[{"href":"https:\/\/www.rezidence-klanovce.cz\/de\/wp-json\/wp\/v2\/types\/page"}],"author":[{"embeddable":true,"href":"https:\/\/www.rezidence-klanovce.cz\/de\/wp-json\/wp\/v2\/users\/3"}],"replies":[{"embeddable":true,"href":"https:\/\/www.rezidence-klanovce.cz\/de\/wp-json\/wp\/v2\/comments?post=781"}],"version-history":[{"count":47,"href":"https:\/\/www.rezidence-klanovce.cz\/de\/wp-json\/wp\/v2\/pages\/781\/revisions"}],"predecessor-version":[{"id":2452,"href":"https:\/\/www.rezidence-klanovce.cz\/de\/wp-json\/wp\/v2\/pages\/781\/revisions\/2452"}],"wp:attachment":[{"href":"https:\/\/www.rezidence-klanovce.cz\/de\/wp-json\/wp\/v2\/media?parent=781"}],"curies":[{"name":"wp","href":"https:\/\/api.w.org\/{rel}","templated":true}]}}